{"id":31011,"date":"2025-11-23T10:08:53","date_gmt":"2025-11-23T09:08:53","guid":{"rendered":"https:\/\/360group.es\/producto\/tienda-online-automatizada-tienda-online-automatizada-avanzada\/"},"modified":"2025-11-23T10:08:53","modified_gmt":"2025-11-23T09:08:53","slug":"tienda-online-automatizada-tienda-online-automatizada-avanzada","status":"publish","type":"product","link":"https:\/\/360group.es\/en\/tienda-online-automatizada-tienda-online-automatizada-avanzada\/","title":{"rendered":"Tienda Online Automatizada Tienda Online Automatizada Avanzada"},"content":{"rendered":"<h1>Tienda Online Automatizada Tienda Online Automatizada Avanzada<\/h1>\n<h2>Servicio profesional de la l\u00ednea Tienda Online Automatizada<\/h2>\n<p>Tienda Online Automatizada Avanzada de la l\u00ednea Tienda Online Automatizada. Tienda online profesional totalmente automatizada y lista para vender. Gestionado por 360group.es, con soporte t\u00e9cnico especializado.<\/p>\n<p><strong>Contrataci\u00f3n online segura<\/strong> a trav\u00e9s del \u00e1rea de clientes de 360group con configuraci\u00f3n flexible y soporte especializado.<\/p>\n","protected":false},"excerpt":{"rendered":"<p><strong>Tienda Online Automatizada Tienda Online Automatizada Avanzada<\/strong> servicio gestionado por 360group con contrataci\u00f3n inmediata, recursos optimizados y soporte profesional para proyectos exigentes.<\/p>\n","protected":false},"featured_media":19419,"template":"","meta":[],"product_brand":[],"product_cat":[1717],"product_tag":[],"class_list":{"0":"post-31011","1":"product","2":"type-product","3":"status-publish","4":"has-post-thumbnail","6":"product_cat-tienda-online-automatizada","8":"first","9":"instock","10":"sale","11":"shipping-taxable","12":"product-type-external"},"_links":{"self":[{"href":"https:\/\/360group.es\/en\/wp-json\/wp\/v2\/product\/31011","targetHints":{"allow":["GET"]}}],"collection":[{"href":"https:\/\/360group.es\/en\/wp-json\/wp\/v2\/product"}],"about":[{"href":"https:\/\/360group.es\/en\/wp-json\/wp\/v2\/types\/product"}],"wp:featuredmedia":[{"embeddable":true,"href":"https:\/\/360group.es\/en\/wp-json\/wp\/v2\/media\/19419"}],"wp:attachment":[{"href":"https:\/\/360group.es\/en\/wp-json\/wp\/v2\/media?parent=31011"}],"wp:term":[{"taxonomy":"product_brand","embeddable":true,"href":"https:\/\/360group.es\/en\/wp-json\/wp\/v2\/product_brand?post=31011"},{"taxonomy":"product_cat","embeddable":true,"href":"https:\/\/360group.es\/en\/wp-json\/wp\/v2\/product_cat?post=31011"},{"taxonomy":"product_tag","embeddable":true,"href":"https:\/\/360group.es\/en\/wp-json\/wp\/v2\/product_tag?post=31011"}],"curies":[{"name":"wp","href":"https:\/\/api.w.org\/{rel}","templated":true}]}}