{"id":31010,"date":"2025-11-23T10:08:54","date_gmt":"2025-11-23T09:08:54","guid":{"rendered":"https:\/\/360group.es\/producto\/ssl-certificates-rapidssl-wildcard\/"},"modified":"2025-11-23T10:08:54","modified_gmt":"2025-11-23T09:08:54","slug":"ssl-certificates-rapidssl-wildcard","status":"publish","type":"product","link":"https:\/\/360group.es\/en\/ssl-certificates-rapidssl-wildcard\/","title":{"rendered":"SSL Certificates RapidSSL Wildcard"},"content":{"rendered":"<h1>SSL Certificates RapidSSL Wildcard<\/h1>\n<h2>Servicio profesional de la l\u00ednea SSL Certificates<\/h2>\n<p>RapidSSL Wildcard de la l\u00ednea SSL Certificates. Certificados SSL profesionales para proteger tu web y las comunicaciones de tus usuarios. Gestionado por 360group.es, con soporte t\u00e9cnico especializado.<\/p>\n<p><strong>Contrataci\u00f3n online segura<\/strong> a trav\u00e9s del \u00e1rea de clientes de 360group con configuraci\u00f3n flexible y soporte especializado.<\/p>\n","protected":false},"excerpt":{"rendered":"<p><strong>SSL Certificates RapidSSL Wildcard<\/strong> servicio gestionado por 360group con contrataci\u00f3n inmediata, recursos optimizados y soporte profesional para proyectos exigentes.<\/p>\n","protected":false},"featured_media":19419,"template":"","meta":[],"product_brand":[],"product_cat":[1716],"product_tag":[],"class_list":{"0":"post-31010","1":"product","2":"type-product","3":"status-publish","4":"has-post-thumbnail","6":"product_cat-ssl-certificates","8":"first","9":"instock","10":"sale","11":"shipping-taxable","12":"product-type-external"},"_links":{"self":[{"href":"https:\/\/360group.es\/en\/wp-json\/wp\/v2\/product\/31010","targetHints":{"allow":["GET"]}}],"collection":[{"href":"https:\/\/360group.es\/en\/wp-json\/wp\/v2\/product"}],"about":[{"href":"https:\/\/360group.es\/en\/wp-json\/wp\/v2\/types\/product"}],"wp:featuredmedia":[{"embeddable":true,"href":"https:\/\/360group.es\/en\/wp-json\/wp\/v2\/media\/19419"}],"wp:attachment":[{"href":"https:\/\/360group.es\/en\/wp-json\/wp\/v2\/media?parent=31010"}],"wp:term":[{"taxonomy":"product_brand","embeddable":true,"href":"https:\/\/360group.es\/en\/wp-json\/wp\/v2\/product_brand?post=31010"},{"taxonomy":"product_cat","embeddable":true,"href":"https:\/\/360group.es\/en\/wp-json\/wp\/v2\/product_cat?post=31010"},{"taxonomy":"product_tag","embeddable":true,"href":"https:\/\/360group.es\/en\/wp-json\/wp\/v2\/product_tag?post=31010"}],"curies":[{"name":"wp","href":"https:\/\/api.w.org\/{rel}","templated":true}]}}