{"id":30998,"date":"2025-11-23T10:08:58","date_gmt":"2025-11-23T09:08:58","guid":{"rendered":"https:\/\/360group.es\/producto\/soluciones-empresariales-servidor-vps-crm-erp-premium\/"},"modified":"2025-11-23T10:08:58","modified_gmt":"2025-11-23T09:08:58","slug":"soluciones-empresariales-servidor-vps-crm-erp-premium","status":"publish","type":"product","link":"https:\/\/360group.es\/en\/soluciones-empresariales-servidor-vps-crm-erp-premium\/","title":{"rendered":"Soluciones Empresariales Servidor VPS CRM\/ERP \u2013 Premium"},"content":{"rendered":"<h1>Soluciones Empresariales Servidor VPS CRM\/ERP \u2013 Premium<\/h1>\n<h2>Servicio profesional de la l\u00ednea Soluciones Empresariales<\/h2>\n<p>Servidor\u202fVPS\u202fCRM\/ERP \u2013 Premium de la l\u00ednea Soluciones Empresariales. Soluciones empresariales basadas en servidores y sistemas CRM\/ERP en la nube. Gestionado por 360group.es, con soporte t\u00e9cnico especializado.<\/p>\n<p><strong>Contrataci\u00f3n online segura<\/strong> a trav\u00e9s del \u00e1rea de clientes de 360group con configuraci\u00f3n flexible y soporte especializado.<\/p>\n","protected":false},"excerpt":{"rendered":"<p><strong>Soluciones Empresariales Servidor VPS CRM\/ERP \u2013 Premium<\/strong> servicio gestionado por 360group con contrataci\u00f3n inmediata, recursos optimizados y soporte profesional para proyectos exigentes.<\/p>\n","protected":false},"featured_media":19419,"template":"","meta":[],"product_brand":[],"product_cat":[1715],"product_tag":[],"class_list":{"0":"post-30998","1":"product","2":"type-product","3":"status-publish","4":"has-post-thumbnail","6":"product_cat-soluciones-empresariales","8":"first","9":"instock","10":"sale","11":"shipping-taxable","12":"product-type-external"},"_links":{"self":[{"href":"https:\/\/360group.es\/en\/wp-json\/wp\/v2\/product\/30998","targetHints":{"allow":["GET"]}}],"collection":[{"href":"https:\/\/360group.es\/en\/wp-json\/wp\/v2\/product"}],"about":[{"href":"https:\/\/360group.es\/en\/wp-json\/wp\/v2\/types\/product"}],"wp:featuredmedia":[{"embeddable":true,"href":"https:\/\/360group.es\/en\/wp-json\/wp\/v2\/media\/19419"}],"wp:attachment":[{"href":"https:\/\/360group.es\/en\/wp-json\/wp\/v2\/media?parent=30998"}],"wp:term":[{"taxonomy":"product_brand","embeddable":true,"href":"https:\/\/360group.es\/en\/wp-json\/wp\/v2\/product_brand?post=30998"},{"taxonomy":"product_cat","embeddable":true,"href":"https:\/\/360group.es\/en\/wp-json\/wp\/v2\/product_cat?post=30998"},{"taxonomy":"product_tag","embeddable":true,"href":"https:\/\/360group.es\/en\/wp-json\/wp\/v2\/product_tag?post=30998"}],"curies":[{"name":"wp","href":"https:\/\/api.w.org\/{rel}","templated":true}]}}