{"id":30988,"date":"2025-11-23T10:09:01","date_gmt":"2025-11-23T09:09:01","guid":{"rendered":"https:\/\/360group.es\/producto\/sitelock-lite\/"},"modified":"2025-11-23T10:09:02","modified_gmt":"2025-11-23T09:09:02","slug":"sitelock-lite","status":"publish","type":"product","link":"https:\/\/360group.es\/en\/sitelock-lite\/","title":{"rendered":"SiteLock Lite"},"content":{"rendered":"<h1>SiteLock Lite<\/h1>\n<h2>Servicio profesional de la l\u00ednea SiteLock<\/h2>\n<p>Lite de la l\u00ednea SiteLock. Servicio de seguridad para sitios web que detecta, limpia y previene malware y amenazas. Gestionado por 360group.es, con soporte t\u00e9cnico especializado.<\/p>\n<p><strong>Contrataci\u00f3n online segura<\/strong> a trav\u00e9s del \u00e1rea de clientes de 360group con configuraci\u00f3n flexible y soporte especializado.<\/p>\n","protected":false},"excerpt":{"rendered":"<p><strong>SiteLock Lite<\/strong> servicio gestionado por 360group con contrataci\u00f3n inmediata, recursos optimizados y soporte profesional para proyectos exigentes.<\/p>\n","protected":false},"featured_media":19419,"template":"","meta":[],"product_brand":[],"product_cat":[1713],"product_tag":[],"class_list":{"0":"post-30988","1":"product","2":"type-product","3":"status-publish","4":"has-post-thumbnail","6":"product_cat-sitelock","8":"first","9":"instock","10":"shipping-taxable","11":"product-type-external"},"_links":{"self":[{"href":"https:\/\/360group.es\/en\/wp-json\/wp\/v2\/product\/30988","targetHints":{"allow":["GET"]}}],"collection":[{"href":"https:\/\/360group.es\/en\/wp-json\/wp\/v2\/product"}],"about":[{"href":"https:\/\/360group.es\/en\/wp-json\/wp\/v2\/types\/product"}],"wp:featuredmedia":[{"embeddable":true,"href":"https:\/\/360group.es\/en\/wp-json\/wp\/v2\/media\/19419"}],"wp:attachment":[{"href":"https:\/\/360group.es\/en\/wp-json\/wp\/v2\/media?parent=30988"}],"wp:term":[{"taxonomy":"product_brand","embeddable":true,"href":"https:\/\/360group.es\/en\/wp-json\/wp\/v2\/product_brand?post=30988"},{"taxonomy":"product_cat","embeddable":true,"href":"https:\/\/360group.es\/en\/wp-json\/wp\/v2\/product_cat?post=30988"},{"taxonomy":"product_tag","embeddable":true,"href":"https:\/\/360group.es\/en\/wp-json\/wp\/v2\/product_tag?post=30988"}],"curies":[{"name":"wp","href":"https:\/\/api.w.org\/{rel}","templated":true}]}}