{"id":30836,"date":"2025-11-23T10:09:29","date_gmt":"2025-11-23T09:09:29","guid":{"rendered":"https:\/\/360group.es\/producto\/servicio-profesional-integrado-parking-v1\/"},"modified":"2025-11-23T10:09:30","modified_gmt":"2025-11-23T09:09:30","slug":"servicio-profesional-integrado-parking-v1","status":"publish","type":"product","link":"https:\/\/360group.es\/en\/servicio-profesional-integrado-parking-v1\/","title":{"rendered":"Servicio Profesional Integrado Parking V1"},"content":{"rendered":"<h1>Servicio Profesional Integrado Parking V1<\/h1>\n<h2>Servicio profesional de la l\u00ednea Servicio Profesional Integrado<\/h2>\n<p>Parking V1 de la l\u00ednea Servicio Profesional Integrado. Servicio profesional integral que combina consultor\u00eda, soporte t\u00e9cnico y soluciones online. Gestionado por 360group.es, con soporte t\u00e9cnico especializado.<\/p>\n<p><strong>Contrataci\u00f3n online segura<\/strong> a trav\u00e9s del \u00e1rea de clientes de 360group con configuraci\u00f3n flexible y soporte especializado.<\/p>\n","protected":false},"excerpt":{"rendered":"<p><strong>Servicio Profesional Integrado Parking V1<\/strong> servicio gestionado por 360group con contrataci\u00f3n inmediata, recursos optimizados y soporte profesional para proyectos exigentes.<\/p>\n","protected":false},"featured_media":19419,"template":"","meta":[],"product_brand":[],"product_cat":[1712],"product_tag":[],"class_list":{"0":"post-30836","1":"product","2":"type-product","3":"status-publish","4":"has-post-thumbnail","6":"product_cat-servicio-profesional-integrado","8":"first","9":"instock","10":"sale","11":"shipping-taxable","12":"product-type-external"},"_links":{"self":[{"href":"https:\/\/360group.es\/en\/wp-json\/wp\/v2\/product\/30836","targetHints":{"allow":["GET"]}}],"collection":[{"href":"https:\/\/360group.es\/en\/wp-json\/wp\/v2\/product"}],"about":[{"href":"https:\/\/360group.es\/en\/wp-json\/wp\/v2\/types\/product"}],"wp:featuredmedia":[{"embeddable":true,"href":"https:\/\/360group.es\/en\/wp-json\/wp\/v2\/media\/19419"}],"wp:attachment":[{"href":"https:\/\/360group.es\/en\/wp-json\/wp\/v2\/media?parent=30836"}],"wp:term":[{"taxonomy":"product_brand","embeddable":true,"href":"https:\/\/360group.es\/en\/wp-json\/wp\/v2\/product_brand?post=30836"},{"taxonomy":"product_cat","embeddable":true,"href":"https:\/\/360group.es\/en\/wp-json\/wp\/v2\/product_cat?post=30836"},{"taxonomy":"product_tag","embeddable":true,"href":"https:\/\/360group.es\/en\/wp-json\/wp\/v2\/product_tag?post=30836"}],"curies":[{"name":"wp","href":"https:\/\/api.w.org\/{rel}","templated":true}]}}