{"id":30827,"date":"2025-11-23T10:09:30","date_gmt":"2025-11-23T09:09:30","guid":{"rendered":"https:\/\/360group.es\/producto\/mantenimiento-web-wordpress-mantenimiento-web-standard\/"},"modified":"2025-11-23T10:09:30","modified_gmt":"2025-11-23T09:09:30","slug":"mantenimiento-web-wordpress-mantenimiento-web-standard","status":"publish","type":"product","link":"https:\/\/360group.es\/en\/mantenimiento-web-wordpress-mantenimiento-web-standard\/","title":{"rendered":"Mantenimiento Web WordPress Mantenimiento Web Standard"},"content":{"rendered":"<h1>Mantenimiento Web WordPress Mantenimiento Web Standard<\/h1>\n<h2>Servicio profesional de la l\u00ednea Mantenimiento Web WordPress<\/h2>\n<p>Mantenimiento Web Standard de la l\u00ednea Mantenimiento Web WordPress. Servicio de mantenimiento profesional para webs WordPress con actualizaciones, seguridad y soporte t\u00e9cnico. Gestionado por 360group.es, con soporte t\u00e9cnico especializado.<\/p>\n<p><strong>Contrataci\u00f3n online segura<\/strong> a trav\u00e9s del \u00e1rea de clientes de 360group con configuraci\u00f3n flexible y soporte especializado.<\/p>\n","protected":false},"excerpt":{"rendered":"<p><strong>Mantenimiento Web Wordpress Mantenimiento Web Standard<\/strong> servicio gestionado por 360group con contrataci\u00f3n inmediata, recursos optimizados y soporte profesional para proyectos exigentes.<\/p>\n","protected":false},"featured_media":19419,"template":"","meta":[],"product_brand":[],"product_cat":[1708],"product_tag":[],"class_list":{"0":"post-30827","1":"product","2":"type-product","3":"status-publish","4":"has-post-thumbnail","6":"product_cat-mantenimiento-web-wordpress","8":"first","9":"instock","10":"sale","11":"shipping-taxable","12":"product-type-external"},"_links":{"self":[{"href":"https:\/\/360group.es\/en\/wp-json\/wp\/v2\/product\/30827","targetHints":{"allow":["GET"]}}],"collection":[{"href":"https:\/\/360group.es\/en\/wp-json\/wp\/v2\/product"}],"about":[{"href":"https:\/\/360group.es\/en\/wp-json\/wp\/v2\/types\/product"}],"wp:featuredmedia":[{"embeddable":true,"href":"https:\/\/360group.es\/en\/wp-json\/wp\/v2\/media\/19419"}],"wp:attachment":[{"href":"https:\/\/360group.es\/en\/wp-json\/wp\/v2\/media?parent=30827"}],"wp:term":[{"taxonomy":"product_brand","embeddable":true,"href":"https:\/\/360group.es\/en\/wp-json\/wp\/v2\/product_brand?post=30827"},{"taxonomy":"product_cat","embeddable":true,"href":"https:\/\/360group.es\/en\/wp-json\/wp\/v2\/product_cat?post=30827"},{"taxonomy":"product_tag","embeddable":true,"href":"https:\/\/360group.es\/en\/wp-json\/wp\/v2\/product_tag?post=30827"}],"curies":[{"name":"wp","href":"https:\/\/api.w.org\/{rel}","templated":true}]}}