{"id":18572,"date":"2024-02-18T22:16:26","date_gmt":"2024-02-18T21:16:26","guid":{"rendered":"https:\/\/360group.es\/producto\/hd-output-retro-classic-gaming-console-wireless-controller-arcade-game-station-with-ps5-style-3d-4k-video-game-consoles-for-ps5\/"},"modified":"2024-02-18T22:26:32","modified_gmt":"2024-02-18T21:26:32","slug":"hd-output-retro-classic-gaming-console-wireless-controller-arcade-game-station-with-ps5-style-3d-4k-video-game-consoles-for-ps5","status":"publish","type":"product","link":"https:\/\/360group.es\/en\/hd-output-retro-classic-gaming-console-wireless-controller-arcade-game-station-with-ps5-style-3d-4k-video-game-consoles-for-ps5\/","title":{"rendered":"Consola de Juegos Retro Cl\u00e1sica con Salida HD y Controlador Inal\u00e1mbrico: Estilo PS5, Videojuegos en 3D 4K para PS5"},"content":{"rendered":"<div id=\"detail_decorate_root\" data-host=\"335025280\" data-magic-global=\"%7B%22bizId%22%3A2206927678231%2C%22pageId%22%3A20123464717%2C%22siteId%22%3A5005933055%7D\" data-id=\"detail_decorate_root\">\n<div class=\"J_module\">\n<div class=\"icbu-pc-images magic-0\">\n<div>\n<div class=\"flex-layout-v\">\n<div class=\"flex-layout-h magic-0\">\n<div class=\"magic-1\"><\/div>\n<\/div>\n<\/div>\n<\/div>\n<\/div>\n<\/div>\n<div class=\"J_module\">\n<div class=\"icbu-pc-images magic-0\">\n<div>\n<div class=\"flex-layout-v\">\n<div class=\"flex-layout-h magic-0\">\n<div class=\"magic-1\"><\/div>\n<\/div>\n<\/div>\n<\/div>\n<\/div>\n<\/div>\n<div class=\"J_module\">\n<div class=\"icbu-pc-images magic-0\">\n<div>\n<div class=\"flex-layout-v\">\n<div class=\"flex-layout-h magic-0\">\n<div class=\"magic-3\"><a href=\"https:\/\/tgsigo.en.alibaba.com\/product\/1600254497640-914246839\/2_4G_4_in_1_Keyboard_Mouse_Headset_Mousepad_Combos_Mechanical_Feel_Gaming_Sets_RGB_Backlight_Keyboard_1600_DPI_Optical_Mouse.html\" target=\"_blank\" rel=\"noopener noreferrer\"><img decoding=\"async\" class=\"magic-4\" src=\"\/\/sc04.alicdn.com\/kf\/H8227a81a7e7f420d8cd890fc77c790106\/239987257\/H8227a81a7e7f420d8cd890fc77c790106.jpg\" data-id=\"child-image-0\" alt=\"- | -\" title=\"Servicios Profesionales de para Optimizar Tu Negocio -\"><\/a><\/div>\n<\/div>\n<\/div>\n<\/div>\n<\/div>\n<\/div>\n<div class=\"J_module\">\n<div class=\"magic-5\" id=\"ali-anchor-AliMagic-jscfym\" data-section=\"AliMagic-jscfym\" data-section-title=\"Product Description\">Product Description<\/div>\n<\/div>\n<div class=\"J_module\">\n<div class=\"icbu-pc-images magic-0\">\n<div>\n<div class=\"flex-layout-v\">\n<div class=\"flex-layout-h magic-0\">\n<div class=\"magic-6\"><img decoding=\"async\" class=\"magic-7\" src=\"\/\/sc04.alicdn.com\/kf\/H0bff4a492c5a4b928fadeb1b95501d86V\/239987257\/H0bff4a492c5a4b928fadeb1b95501d86V.jpg\" data-id=\"child-image-0\" alt=\"- | -\" title=\"Servicios Profesionales de para Optimizar Tu Negocio -\"><\/div>\n<\/div>\n<\/div>\n<\/div>\n<p>Caracter\u00edsticas de la Consola de Juegos Retro:Dise\u00f1o Nuevo 2022: Equipada con Quad-core Cortex-A7, hasta 1.2GHz.Patente de Forma Protegida: Controlador inal\u00e1mbrico 2.4G con dise\u00f1o exclusivo.Amplia Colecci\u00f3n de Juegos Retro: M\u00e1s de 20000 juegos retro incorporados en la Mini caja de juegos. \u00a1Juega gratis directamente en tu TV!Descarga de Juegos Integrada: No necesitas descargar juegos por tu cuenta, \u00a1la consola soporta la descarga de juegos!Altavoces de Alta Calidad: Incorpora altavoces de 52mm de alta calidad para una experiencia de juego m\u00e1s inmersiva.Compatibilidad Vers\u00e1til: Compatible con una variedad de dispositivos como televisores, monitores, proyectores, laptops, etc.Par\u00e1metros:N\u00famero de Juegos:Versi\u00f3n de 64G: M\u00e1s de 15000 juegos integrados (incluyendo 67 juegos cl\u00e1sicos de PS1).Versi\u00f3n de 128G: M\u00e1s de 20000 juegos integrados (incluyendo 164 juegos cl\u00e1sicos de PS1).Simulador de Juegos: CPS; FC; GB; GBA; GBC; MD; SFC; PS1Accesorios incluidos: Consola de juegos1, Controlador inal\u00e1mbrico2, Cable de datos HDMI1, Cable de datos USB1.<\/p><\/div>\n<\/div>\n<div class=\"J_module\">\n<div class=\"icbu-pc-detailManyImage magic-9\" data-module-name=\"icbu-pc-detailManyImage\">\n<div class=\"magic-10\"><img decoding=\"async\" class=\"magic-11\" src=\"\/\/sc04.alicdn.com\/kf\/Hc63a90d5a80d4a92b53931ccc6e96d33f\/239987257\/Hc63a90d5a80d4a92b53931ccc6e96d33f.jpg\" alt=\"- | -\" title=\"Servicios Profesionales de para Optimizar Tu Negocio -\"><\/div>\n<div class=\"magic-10\"><img decoding=\"async\" class=\"magic-11\" src=\"\/\/sc04.alicdn.com\/kf\/Hcb17795c656f4b0f8aef03520768fcdaD\/239987257\/Hcb17795c656f4b0f8aef03520768fcdaD.jpg\" alt=\"- | -\" title=\"Servicios Profesionales de para Optimizar Tu Negocio -\"><\/div>\n<div class=\"magic-10\"><img decoding=\"async\" class=\"magic-11\" src=\"\/\/sc04.alicdn.com\/kf\/Hea572138df4c47ed8f867d0d3edba1bdl\/239987257\/Hea572138df4c47ed8f867d0d3edba1bdl.jpg\" alt=\"- | -\" title=\"Servicios Profesionales de para Optimizar Tu Negocio -\"><\/div>\n<div class=\"magic-10\"><img decoding=\"async\" class=\"magic-11\" src=\"\/\/sc04.alicdn.com\/kf\/H6b2c29373ea34a75bf2c497bf3706808K\/239987257\/H6b2c29373ea34a75bf2c497bf3706808K.jpg\" alt=\"- | -\" title=\"Servicios Profesionales de para Optimizar Tu Negocio -\"><\/div>\n<div class=\"magic-10\"><img decoding=\"async\" class=\"magic-11\" src=\"\/\/sc04.alicdn.com\/kf\/H35dcf80437fd44e794e9df5fed664545C\/239987257\/H35dcf80437fd44e794e9df5fed664545C.jpg\" alt=\"- | -\" title=\"Servicios Profesionales de para Optimizar Tu Negocio -\"><\/div>\n<div class=\"magic-10\"><img decoding=\"async\" class=\"magic-11\" src=\"\/\/sc04.alicdn.com\/kf\/H342cd0d04d7241fc82b62e3c399d94ddf\/239987257\/H342cd0d04d7241fc82b62e3c399d94ddf.jpg\" alt=\"- | -\" title=\"Servicios Profesionales de para Optimizar Tu Negocio -\"><\/div>\n<div class=\"magic-10\"><img decoding=\"async\" class=\"magic-11\" src=\"\/\/sc04.alicdn.com\/kf\/H7831e3ad87ac4f4fb8350c268a6bfb23R\/239987257\/H7831e3ad87ac4f4fb8350c268a6bfb23R.jpg\" alt=\"- | -\" title=\"Servicios Profesionales de para Optimizar Tu Negocio -\"><\/div>\n<div class=\"magic-10\"><img decoding=\"async\" class=\"magic-11\" src=\"\/\/sc04.alicdn.com\/kf\/H133b84dbb1064f15bc5bf9fad4993b2fB\/239987257\/H133b84dbb1064f15bc5bf9fad4993b2fB.jpg\" alt=\"- | -\" title=\"Servicios Profesionales de para Optimizar Tu Negocio -\"><\/div>\n<div class=\"magic-10\"><img decoding=\"async\" class=\"magic-11\" src=\"\/\/sc04.alicdn.com\/kf\/H724c970669b34e88886e0ca63500079bo\/239987257\/H724c970669b34e88886e0ca63500079bo.jpg\" alt=\"- | -\" title=\"Servicios Profesionales de para Optimizar Tu Negocio -\"><\/div>\n<div class=\"magic-10\"><img decoding=\"async\" class=\"magic-11\" src=\"\/\/sc04.alicdn.com\/kf\/H420578070e524d128e26b1ceed01afd3G\/239987257\/H420578070e524d128e26b1ceed01afd3G.jpg\" alt=\"- | -\" title=\"Servicios Profesionales de para Optimizar Tu Negocio -\"><\/div>\n<\/div>\n<\/div>\n<div class=\"J_module\">\n<div class=\"icbu-pc-images magic-0\">\n<div>\n<div class=\"flex-layout-v\">\n<div class=\"flex-layout-h magic-0\">\n<div class=\"magic-6\"><img decoding=\"async\" class=\"magic-7\" src=\"\/\/sc04.alicdn.com\/kf\/H249509864f294f2487e0378ad08c70810\/239987257\/H249509864f294f2487e0378ad08c70810.jpg\" data-id=\"child-image-0\" alt=\"- | -\" title=\"Servicios Profesionales de para Optimizar Tu Negocio -\"><\/div>\n<\/div>\n<\/div>\n<\/div>\n<\/div>\n<\/div>\n<div class=\"J_module\">\n<div class=\"icbu-pc-images magic-0\">\n<div>\n<div class=\"flex-layout-v\">\n<div class=\"flex-layout-h magic-0\">\n<div class=\"magic-6\"><img decoding=\"async\" class=\"magic-7\" src=\"\/\/sc04.alicdn.com\/kf\/Hb5c634dcf611451aadc4c7fc525db6d9a\/239987257\/Hb5c634dcf611451aadc4c7fc525db6d9a.jpg\" data-id=\"child-image-0\" alt=\"- | -\" title=\"Servicios Profesionales de para Optimizar Tu Negocio -\"><\/div>\n<\/div>\n<\/div>\n<\/div>\n<\/div>\n<\/div>\n<div class=\"J_module\">\n<div class=\"icbu-pc-images magic-0\">\n<div>\n<div class=\"flex-layout-v\">\n<div class=\"flex-layout-h magic-0\">\n<div class=\"magic-6\"><img decoding=\"async\" class=\"magic-7\" src=\"\/\/sc04.alicdn.com\/kf\/H2e2c3c5805f64ac7b39d603972e040d7q\/239987257\/H2e2c3c5805f64ac7b39d603972e040d7q.jpg\" data-id=\"child-image-0\" alt=\"- | -\" title=\"Servicios Profesionales de para Optimizar Tu Negocio -\"><\/div>\n<\/div>\n<\/div>\n<\/div>\n<\/div>\n<\/div>\n<div class=\"J_module\">\n<div class=\"icbu-pc-images magic-0\">\n<div>\n<div class=\"flex-layout-v\">\n<div class=\"flex-layout-h magic-0\">\n<div class=\"magic-6\"><img decoding=\"async\" class=\"magic-7\" src=\"\/\/sc04.alicdn.com\/kf\/H421010ce3828400eb2df08002642f418Z\/239987257\/H421010ce3828400eb2df08002642f418Z.jpg\" data-id=\"child-image-0\" alt=\"- | -\" title=\"Servicios Profesionales de para Optimizar Tu Negocio -\"><\/div>\n<\/div>\n<\/div>\n<\/div>\n<\/div>\n<\/div>\n<div class=\"J_module\"><\/div>\n<\/div>\n<h1 style=\"text-align:center\">Consola de Juegos Retro<\/h1>\n<div>\n<h2>Caracter\u00edsticas:<\/h2>\n<ul>\n<li><strong>Dise\u00f1o Nuevo 2022:<\/strong> Equipada con Quad-core Cortex-A7, hasta 1.2GHz.<\/li>\n<li><strong>Patente de Forma Protegida:<\/strong> Controlador inal\u00e1mbrico 2.4G con dise\u00f1o exclusivo.<\/li>\n<li><strong>Amplia Colecci\u00f3n de Juegos Retro:<\/strong> M\u00e1s de 20000 juegos retro incorporados en la Mini caja de juegos. \u00a1Juega gratis directamente en tu TV!<\/li>\n<li><strong>Descarga de Juegos Integrada:<\/strong> No necesitas descargar juegos por tu cuenta, \u00a1la consola soporta la descarga de juegos!<\/li>\n<li><strong>Altavoces de Alta Calidad:<\/strong> Incorpora altavoces de 52mm de alta calidad para una experiencia de juego m\u00e1s inmersiva.<\/li>\n<li><strong>Compatibilidad Vers\u00e1til:<\/strong> Compatible con una variedad de dispositivos como televisores, monitores, proyectores, laptops, etc.<\/li>\n<\/ul>\n<h2>Ventajas:<\/h2>\n<ul>\n<li>F\u00e1cil de usar y conectar a cualquier dispositivo compatible.<\/li>\n<li>Gran variedad de juegos retro integrados para disfrutar.<\/li>\n<li>Controlador inal\u00e1mbrico ergon\u00f3mico para una experiencia de juego c\u00f3moda.<\/li>\n<li>Calidad de audio superior con altavoces de alta calidad incorporados.<\/li>\n<\/ul>\n<h2>Conclusi\u00f3n:<\/h2>\n<p>La consola de juegos retro ofrece una experiencia de juego inmersiva con su amplia colecci\u00f3n de juegos, dise\u00f1o ergon\u00f3mico y calidad de audio superior. Es la opci\u00f3n perfecta para los amantes de los juegos cl\u00e1sicos y la nostalgia.<\/p><\/div>\n","protected":false},"excerpt":{"rendered":"<p>Product Description Caracter\u00edsticas de la Consola de Juegos Retro:Dise\u00f1o Nuevo 2022: Equipada con Quad-core Cortex-A7, hasta 1.2GHz.Patente de Forma Protegida: Controlador inal\u00e1mbrico 2.4G con dise\u00f1o exclusivo.Amplia Colecci\u00f3n de Juegos Retro: M\u00e1s de 20000 juegos retro incorporados en la Mini caja de juegos. \u00a1Juega gratis directamente en tu TV!Descarga de Juegos Integrada: No necesitas descargar juegos [&#8230;]\n","protected":false},"featured_media":18577,"template":"","meta":[],"product_brand":[],"product_cat":[70],"product_tag":[],"class_list":{"0":"post-18572","1":"product","2":"type-product","3":"status-publish","4":"has-post-thumbnail","6":"product_cat-varios","8":"first","9":"instock","10":"sale","11":"shipping-taxable","12":"purchasable","13":"product-type-variable","14":"has-default-attributes"},"_links":{"self":[{"href":"https:\/\/360group.es\/en\/wp-json\/wp\/v2\/product\/18572","targetHints":{"allow":["GET"]}}],"collection":[{"href":"https:\/\/360group.es\/en\/wp-json\/wp\/v2\/product"}],"about":[{"href":"https:\/\/360group.es\/en\/wp-json\/wp\/v2\/types\/product"}],"wp:featuredmedia":[{"embeddable":true,"href":"https:\/\/360group.es\/en\/wp-json\/wp\/v2\/media\/18577"}],"wp:attachment":[{"href":"https:\/\/360group.es\/en\/wp-json\/wp\/v2\/media?parent=18572"}],"wp:term":[{"taxonomy":"product_brand","embeddable":true,"href":"https:\/\/360group.es\/en\/wp-json\/wp\/v2\/product_brand?post=18572"},{"taxonomy":"product_cat","embeddable":true,"href":"https:\/\/360group.es\/en\/wp-json\/wp\/v2\/product_cat?post=18572"},{"taxonomy":"product_tag","embeddable":true,"href":"https:\/\/360group.es\/en\/wp-json\/wp\/v2\/product_tag?post=18572"}],"curies":[{"name":"wp","href":"https:\/\/api.w.org\/{rel}","templated":true}]}}